{"id":1708,"date":"2018-12-05T12:27:24","date_gmt":"2018-12-05T12:27:24","guid":{"rendered":"http:\/\/segamed.eu\/WordPress\/?page_id=1708"},"modified":"2019-03-28T13:34:35","modified_gmt":"2019-03-28T13:34:35","slug":"2018-2","status":"publish","type":"page","link":"https:\/\/segamed.eu\/WordPress\/editions\/2018-2\/","title":{"rendered":"2018"},"content":{"rendered":"<div class=\"wpb-content-wrapper\"><p>[vc_row gap=\u00a0\u00bb5&Prime; css=\u00a0\u00bb.vc_custom_1450417664821{margin-top: 0px !important;margin-right: 0px !important;margin-bottom: 0px !important;margin-left: 0px !important;border-top-width: 0px !important;border-right-width: 0px !important;border-bottom-width: 0px !important;border-left-width: 0px !important;padding-top: 0px !important;padding-right: 0px !important;padding-bottom: 0px !important;padding-left: 0px !important;}\u00a0\u00bb][vc_column css=\u00a0\u00bb.vc_custom_1450417633812{margin-top: 0px !important;margin-right: 0px !important;margin-bottom: 0px !important;margin-left: 0px !important;border-top-width: 0px !important;border-right-width: 0px !important;border-bottom-width: 0px !important;border-left-width: 0px !important;padding-top: 0px !important;padding-right: 0px !important;padding-bottom: 0px !important;padding-left: 0px !important;}\u00a0\u00bb][vc_custom_heading text=\u00a0\u00bbSeGaMed 2018&Prime; google_fonts=\u00a0\u00bbfont_family:Montserrat%3Aregular%2C700|font_style:400%20regular%3A400%3Anormal\u00a0\u00bb css=\u00a0\u00bb.vc_custom_1544013157863{margin-top: 0px !important;margin-right: 0px !important;margin-bottom: 0px !important;margin-left: 0px !important;border-top-width: 0px !important;border-right-width: 0px !important;border-bottom-width: 0px !important;border-left-width: 0px !important;padding-top: 0px !important;padding-right: 0px !important;padding-bottom: 0px !important;padding-left: 0px !important;}\u00a0\u00bb][vc_column_text css=\u00a0\u00bb.vc_custom_1544013171669{margin-top: 0px !important;margin-right: 0px !important;margin-bottom: 0px !important;margin-left: 0px !important;border-top-width: 0px !important;border-right-width: 0px !important;border-bottom-width: 0px !important;border-left-width: 0px !important;padding-top: 0px !important;padding-right: 0px !important;padding-bottom: 0px !important;padding-left: 0px !important;}\u00a0\u00bb]SeGaMed 2018 a \u00e9t\u00e9 organis\u00e9 le 30 novembre et 1er d\u00e9cembre 2018 \u00e0 la facult\u00e9 de m\u00e9decine de Nice.<\/p>\n<p>Vous trouverez ci-dessous l&rsquo;int\u00e9gralit\u00e9 des pr\u00e9sentations film\u00e9es, des articles et des diaporamas.<\/p>\n<p>Les vid\u00e9os ont \u00e9t\u00e9 regroup\u00e9es en playlist. Pour faire appara\u00eetre la liste, cliquez sur le symbole en haut et \u00e0 gauche de la fen\u00eatre YouTube ci-dessous.[\/vc_column_text][vc_empty_space][\/vc_column][\/vc_row][vc_row][vc_column][vc_tta_accordion c_icon=\u00a0\u00bbtriangle\u00a0\u00bb c_position=\u00a0\u00bbright\u00a0\u00bb active_section=\u00a0\u00bb100&Prime; collapsible_all=\u00a0\u00bbtrue\u00a0\u00bb][vc_tta_section i_icon_fontawesome=\u00a0\u00bbfa fa-youtube\u00a0\u00bb add_icon=\u00a0\u00bbtrue\u00a0\u00bb title=\u00a0\u00bbVid\u00e9os du colloque\u00a0\u00bb tab_id=\u00a0\u00bb1486271480228-b0d7a35d-a2e5&Prime;][vc_video link=\u00a0\u00bbhttps:\/\/www.youtube.com\/playlist?list=PLj9fiEdhuiHpUB2ZDXMY4KDte8pUfrKc3&Prime; el_width=\u00a0\u00bb90&Prime; align=\u00a0\u00bbcenter\u00a0\u00bb][\/vc_tta_section][vc_tta_section i_icon_fontawesome=\u00a0\u00bbfa fa-file-text-o\u00a0\u00bb add_icon=\u00a0\u00bbtrue\u00a0\u00bb title=\u00a0\u00bbArticles et pr\u00e9sentations\u00a0\u00bb tab_id=\u00a0\u00bb1538892594373-1b9f755b-0dfc\u00a0\u00bb][vc_column_text]<style>\n       .errordiv { padding:10px; margin:10px; border: 1px solid #555555;color: #000000;background-color: #f8f8f8; width:500px; }#advanced_iframe {visibility:visible;opacity:1;vertical-align:top;}.ai-info-bottom-iframe { position: fixed; z-index: 10000; bottom:0; left: 0; margin: 0px; text-align: center; width: 100%; background-color: #ff9999; padding-left: 5px;padding-bottom: 5px; border-top: 1px solid #aaa } a.ai-bold {font-weight: bold;}#ai-layer-div-advanced_iframe p {height:100%;margin:0;padding:0}<\/style><script type=\"text\/javascript\">var ai_iframe_width_advanced_iframe = 0;var ai_iframe_height_advanced_iframe = 0;var aiOnloadScrollTop=\"true\";var aiShowDebug=false;\n\t\tif (typeof aiReadyCallbacks === 'undefined') {\n\t\t\tvar aiReadyCallbacks = [];\n\t\t} else if (!(aiReadyCallbacks instanceof Array)) {\n\t\t\tvar aiReadyCallbacks = [];\n\t\t}    function aiShowIframeId(id_iframe) { jQuery(\"#\"+id_iframe).css(\"visibility\", \"visible\");    }    function aiResizeIframeHeight(height) { aiResizeIframeHeight(height,advanced_iframe); }    function aiResizeIframeHeightId(height,width,id) {aiResizeIframeHeightById(id,height);}<\/script><iframe id=\"advanced_iframe\"  name=\"advanced_iframe\"  src=\"https:\/\/drive.google.com\/embeddedfolderview?id=1hQyCxYdPjjQYaZWUmLddKiR60V3pGZto#grid\"  width=\"100%\"  height=\"500\"  frameborder=\"0\"  border=\"0\"  allowtransparency=\"true\"  loading=\"lazy\"  style=\"border:thin solid rgb(138,183,21);width:100%;height:500px;\"  onload='aiResizeIframe(this, &quot;true&quot;,&quot;1&quot;)' ><\/iframe><script type=\"text\/javascript\">var ifrm_advanced_iframe = document.getElementById(\"advanced_iframe\");var hiddenTabsDoneadvanced_iframe = false;\nfunction resizeCallbackadvanced_iframe() {}<\/script><script type=\"text\/javascript\"><\/script>[\/vc_column_text][\/vc_tta_section][\/vc_tta_accordion][\/vc_column][\/vc_row][vc_column][\/vc_column]<\/p>\n<\/div>","protected":false},"excerpt":{"rendered":"<div class=\"mh-excerpt\"><p>[vc_row gap=\u00a0\u00bb5&Prime; css=\u00a0\u00bb.vc_custom_1450417664821{margin-top: 0px !important;margin-right: 0px !important;margin-bottom: 0px !important;margin-left: 0px !important;border-top-width: 0px !important;border-right-width: 0px !important;border-bottom-width: 0px !important;border-left-width: 0px !important;padding-top: 0px !important;padding-right: 0px !important;padding-bottom: 0px !important;padding-left: 0px !important;}\u00a0\u00bb][vc_column css=\u00a0\u00bb.vc_custom_1450417633812{margin-top: 0px !important;margin-right: 0px !important;margin-bottom: 0px !important;margin-left: 0px <a class=\"mh-excerpt-more\" href=\"https:\/\/segamed.eu\/WordPress\/editions\/2018-2\/\" title=\"2018\">[&#8230;]<\/a><\/p>\n<\/div>","protected":false},"author":1,"featured_media":0,"parent":11,"menu_order":7,"comment_status":"closed","ping_status":"closed","template":"page-full.php","meta":{"footnotes":""},"class_list":["post-1708","page","type-page","status-publish"],"yoast_head":"<!-- This site is optimized with the Yoast SEO plugin v25.5 - https:\/\/yoast.com\/wordpress\/plugins\/seo\/ -->\n<title>2018 - Serious Games and Simulation Applied to Medecine and Healthcare<\/title>\n<meta name=\"robots\" content=\"index, follow, max-snippet:-1, max-image-preview:large, max-video-preview:-1\" \/>\n<link rel=\"canonical\" href=\"http:\/\/segamed.eu\/WordPress\/editions\/2018-2\/\" \/>\n<meta property=\"og:locale\" content=\"fr_FR\" \/>\n<meta property=\"og:type\" content=\"article\" \/>\n<meta property=\"og:title\" content=\"2018 - Serious Games and Simulation Applied to Medecine and Healthcare\" \/>\n<meta property=\"og:description\" content=\"[vc_row gap=\u00a0\u00bb5&Prime; css=\u00a0\u00bb.vc_custom_1450417664821{margin-top: 0px !important;margin-right: 0px !important;margin-bottom: 0px !important;margin-left: 0px !important;border-top-width: 0px !important;border-right-width: 0px !important;border-bottom-width: 0px !important;border-left-width: 0px !important;padding-top: 0px !important;padding-right: 0px !important;padding-bottom: 0px !important;padding-left: 0px !important;}\u00a0\u00bb][vc_column css=\u00a0\u00bb.vc_custom_1450417633812{margin-top: 0px !important;margin-right: 0px !important;margin-bottom: 0px !important;margin-left: 0px [...]\" \/>\n<meta property=\"og:url\" content=\"http:\/\/segamed.eu\/WordPress\/editions\/2018-2\/\" \/>\n<meta property=\"og:site_name\" content=\"Serious Games and Simulation Applied to Medecine and Healthcare\" \/>\n<meta property=\"article:modified_time\" content=\"2019-03-28T13:34:35+00:00\" \/>\n<meta name=\"twitter:label1\" content=\"Dur\u00e9e de lecture estim\u00e9e\" \/>\n\t<meta name=\"twitter:data1\" content=\"2 minutes\" \/>\n<script type=\"application\/ld+json\" class=\"yoast-schema-graph\">{\"@context\":\"https:\/\/schema.org\",\"@graph\":[{\"@type\":\"WebPage\",\"@id\":\"http:\/\/segamed.eu\/WordPress\/editions\/2018-2\/\",\"url\":\"http:\/\/segamed.eu\/WordPress\/editions\/2018-2\/\",\"name\":\"2018 - Serious Games and Simulation Applied to Medecine and Healthcare\",\"isPartOf\":{\"@id\":\"http:\/\/segamed.eu\/WordPress\/#website\"},\"datePublished\":\"2018-12-05T12:27:24+00:00\",\"dateModified\":\"2019-03-28T13:34:35+00:00\",\"breadcrumb\":{\"@id\":\"http:\/\/segamed.eu\/WordPress\/editions\/2018-2\/#breadcrumb\"},\"inLanguage\":\"fr-FR\",\"potentialAction\":[{\"@type\":\"ReadAction\",\"target\":[\"http:\/\/segamed.eu\/WordPress\/editions\/2018-2\/\"]}]},{\"@type\":\"BreadcrumbList\",\"@id\":\"http:\/\/segamed.eu\/WordPress\/editions\/2018-2\/#breadcrumb\",\"itemListElement\":[{\"@type\":\"ListItem\",\"position\":1,\"name\":\"Accueil\",\"item\":\"http:\/\/segamed.eu\/WordPress\/\"},{\"@type\":\"ListItem\",\"position\":2,\"name\":\"Editions\",\"item\":\"https:\/\/segamed.eu\/WordPress\/editions\/\"},{\"@type\":\"ListItem\",\"position\":3,\"name\":\"2018\"}]},{\"@type\":\"WebSite\",\"@id\":\"http:\/\/segamed.eu\/WordPress\/#website\",\"url\":\"http:\/\/segamed.eu\/WordPress\/\",\"name\":\"Serious Games and Simulation Applied to Medecine and Healthcare\",\"description\":\"Premier colloque sur la gamification, les jeux s\u00e9rieux et la simulation en sant\u00e9\",\"publisher\":{\"@id\":\"http:\/\/segamed.eu\/WordPress\/#organization\"},\"potentialAction\":[{\"@type\":\"SearchAction\",\"target\":{\"@type\":\"EntryPoint\",\"urlTemplate\":\"http:\/\/segamed.eu\/WordPress\/?s={search_term_string}\"},\"query-input\":{\"@type\":\"PropertyValueSpecification\",\"valueRequired\":true,\"valueName\":\"search_term_string\"}}],\"inLanguage\":\"fr-FR\"},{\"@type\":\"Organization\",\"@id\":\"http:\/\/segamed.eu\/WordPress\/#organization\",\"name\":\"Serious Games and Simulation Applied to Medecine and Healthcare\",\"url\":\"http:\/\/segamed.eu\/WordPress\/\",\"logo\":{\"@type\":\"ImageObject\",\"inLanguage\":\"fr-FR\",\"@id\":\"http:\/\/segamed.eu\/WordPress\/#\/schema\/logo\/image\/\",\"url\":\"https:\/\/segamed.eu\/WordPress\/wp-content\/uploads\/2015\/01\/cropped-logovert30080-1.jpeg\",\"contentUrl\":\"https:\/\/segamed.eu\/WordPress\/wp-content\/uploads\/2015\/01\/cropped-logovert30080-1.jpeg\",\"width\":300,\"height\":80,\"caption\":\"Serious Games and Simulation Applied to Medecine and Healthcare\"},\"image\":{\"@id\":\"http:\/\/segamed.eu\/WordPress\/#\/schema\/logo\/image\/\"}}]}<\/script>\n<!-- \/ Yoast SEO plugin. -->","yoast_head_json":{"title":"2018 - Serious Games and Simulation Applied to Medecine and Healthcare","robots":{"index":"index","follow":"follow","max-snippet":"max-snippet:-1","max-image-preview":"max-image-preview:large","max-video-preview":"max-video-preview:-1"},"canonical":"http:\/\/segamed.eu\/WordPress\/editions\/2018-2\/","og_locale":"fr_FR","og_type":"article","og_title":"2018 - Serious Games and Simulation Applied to Medecine and Healthcare","og_description":"[vc_row gap=\u00a0\u00bb5&Prime; css=\u00a0\u00bb.vc_custom_1450417664821{margin-top: 0px !important;margin-right: 0px !important;margin-bottom: 0px !important;margin-left: 0px !important;border-top-width: 0px !important;border-right-width: 0px !important;border-bottom-width: 0px !important;border-left-width: 0px !important;padding-top: 0px !important;padding-right: 0px !important;padding-bottom: 0px !important;padding-left: 0px !important;}\u00a0\u00bb][vc_column css=\u00a0\u00bb.vc_custom_1450417633812{margin-top: 0px !important;margin-right: 0px !important;margin-bottom: 0px !important;margin-left: 0px [...]","og_url":"http:\/\/segamed.eu\/WordPress\/editions\/2018-2\/","og_site_name":"Serious Games and Simulation Applied to Medecine and Healthcare","article_modified_time":"2019-03-28T13:34:35+00:00","twitter_misc":{"Dur\u00e9e de lecture estim\u00e9e":"2 minutes"},"schema":{"@context":"https:\/\/schema.org","@graph":[{"@type":"WebPage","@id":"http:\/\/segamed.eu\/WordPress\/editions\/2018-2\/","url":"http:\/\/segamed.eu\/WordPress\/editions\/2018-2\/","name":"2018 - Serious Games and Simulation Applied to Medecine and Healthcare","isPartOf":{"@id":"http:\/\/segamed.eu\/WordPress\/#website"},"datePublished":"2018-12-05T12:27:24+00:00","dateModified":"2019-03-28T13:34:35+00:00","breadcrumb":{"@id":"http:\/\/segamed.eu\/WordPress\/editions\/2018-2\/#breadcrumb"},"inLanguage":"fr-FR","potentialAction":[{"@type":"ReadAction","target":["http:\/\/segamed.eu\/WordPress\/editions\/2018-2\/"]}]},{"@type":"BreadcrumbList","@id":"http:\/\/segamed.eu\/WordPress\/editions\/2018-2\/#breadcrumb","itemListElement":[{"@type":"ListItem","position":1,"name":"Accueil","item":"http:\/\/segamed.eu\/WordPress\/"},{"@type":"ListItem","position":2,"name":"Editions","item":"https:\/\/segamed.eu\/WordPress\/editions\/"},{"@type":"ListItem","position":3,"name":"2018"}]},{"@type":"WebSite","@id":"http:\/\/segamed.eu\/WordPress\/#website","url":"http:\/\/segamed.eu\/WordPress\/","name":"Serious Games and Simulation Applied to Medecine and Healthcare","description":"Premier colloque sur la gamification, les jeux s\u00e9rieux et la simulation en sant\u00e9","publisher":{"@id":"http:\/\/segamed.eu\/WordPress\/#organization"},"potentialAction":[{"@type":"SearchAction","target":{"@type":"EntryPoint","urlTemplate":"http:\/\/segamed.eu\/WordPress\/?s={search_term_string}"},"query-input":{"@type":"PropertyValueSpecification","valueRequired":true,"valueName":"search_term_string"}}],"inLanguage":"fr-FR"},{"@type":"Organization","@id":"http:\/\/segamed.eu\/WordPress\/#organization","name":"Serious Games and Simulation Applied to Medecine and Healthcare","url":"http:\/\/segamed.eu\/WordPress\/","logo":{"@type":"ImageObject","inLanguage":"fr-FR","@id":"http:\/\/segamed.eu\/WordPress\/#\/schema\/logo\/image\/","url":"https:\/\/segamed.eu\/WordPress\/wp-content\/uploads\/2015\/01\/cropped-logovert30080-1.jpeg","contentUrl":"https:\/\/segamed.eu\/WordPress\/wp-content\/uploads\/2015\/01\/cropped-logovert30080-1.jpeg","width":300,"height":80,"caption":"Serious Games and Simulation Applied to Medecine and Healthcare"},"image":{"@id":"http:\/\/segamed.eu\/WordPress\/#\/schema\/logo\/image\/"}}]}},"_links":{"self":[{"href":"https:\/\/segamed.eu\/WordPress\/wp-json\/wp\/v2\/pages\/1708","targetHints":{"allow":["GET"]}}],"collection":[{"href":"https:\/\/segamed.eu\/WordPress\/wp-json\/wp\/v2\/pages"}],"about":[{"href":"https:\/\/segamed.eu\/WordPress\/wp-json\/wp\/v2\/types\/page"}],"author":[{"embeddable":true,"href":"https:\/\/segamed.eu\/WordPress\/wp-json\/wp\/v2\/users\/1"}],"replies":[{"embeddable":true,"href":"https:\/\/segamed.eu\/WordPress\/wp-json\/wp\/v2\/comments?post=1708"}],"version-history":[{"count":0,"href":"https:\/\/segamed.eu\/WordPress\/wp-json\/wp\/v2\/pages\/1708\/revisions"}],"up":[{"embeddable":true,"href":"https:\/\/segamed.eu\/WordPress\/wp-json\/wp\/v2\/pages\/11"}],"wp:attachment":[{"href":"https:\/\/segamed.eu\/WordPress\/wp-json\/wp\/v2\/media?parent=1708"}],"curies":[{"name":"wp","href":"https:\/\/api.w.org\/{rel}","templated":true}]}}