{"id":13,"date":"2015-01-18T06:16:12","date_gmt":"2015-01-18T06:16:12","guid":{"rendered":"http:\/\/segamed.eu\/WordPress\/?page_id=13"},"modified":"2015-02-02T22:00:45","modified_gmt":"2015-02-02T22:00:45","slug":"2011-2","status":"publish","type":"page","link":"https:\/\/segamed.eu\/WordPress\/editions\/2011-2\/","title":{"rendered":"2012"},"content":{"rendered":"<div class=\"wpb-content-wrapper\"><p>[vc_row css=\u00a0\u00bb.vc_custom_1422779600428{margin: 0px !important;border-width: 0px !important;padding: 0px !important;}\u00a0\u00bb bg_type=\u00a0\u00bbno_bg\u00a0\u00bb bg_grad=\u00a0\u00bbbackground: -webkit-gradient(linear, left top, left bottom, color-stop(0%, #E3E3E3));background: -moz-linear-gradient(top,#E3E3E3 0%);background: -webkit-linear-gradient(top,#E3E3E3 0%);background: -o-linear-gradient(top,#E3E3E3 0%);background: -ms-linear-gradient(top,#E3E3E3 0%);background: linear-gradient(top,#E3E3E3 0%);\u00a0\u00bb parallax_style=\u00a0\u00bbvcpb-default\u00a0\u00bb bg_image_repeat=\u00a0\u00bbrepeat\u00a0\u00bb bg_image_size=\u00a0\u00bbcover\u00a0\u00bb bg_img_attach=\u00a0\u00bbscroll\u00a0\u00bb parallax_sense=\u00a0\u00bb30&Prime; animation_direction=\u00a0\u00bbleft-animation\u00a0\u00bb animation_repeat=\u00a0\u00bbrepeat\u00a0\u00bb video_opts=\u00a0\u00bb\u00a0\u00bb viewport_vdo=\u00a0\u00bboff\u00a0\u00bb enable_controls=\u00a0\u00bboff\u00a0\u00bb bg_override=\u00a0\u00bb0&Prime; parallax_content_sense=\u00a0\u00bb30&Prime; fadeout_start_effect=\u00a0\u00bb30&Prime; overlay_pattern_opacity=\u00a0\u00bb80&Prime; overlay_pattern_attachment=\u00a0\u00bbfixed\u00a0\u00bb multi_color_overlay=\u00a0\u00bb\u00a0\u00bb multi_color_overlay_opacity=\u00a0\u00bb60&Prime; seperator_type=\u00a0\u00bbnone_seperator\u00a0\u00bb seperator_position=\u00a0\u00bbtop_seperator\u00a0\u00bb seperator_shape_size=\u00a0\u00bb40&Prime; seperator_svg_height=\u00a0\u00bb60&Prime; seperator_shape_background=\u00a0\u00bb#ffffff\u00a0\u00bb seperator_shape_border=\u00a0\u00bbnone\u00a0\u00bb seperator_shape_border_width=\u00a0\u00bb1&Prime; icon_type=\u00a0\u00bbno_icon\u00a0\u00bb icon_size=\u00a0\u00bb32&Prime; icon_style=\u00a0\u00bbnone\u00a0\u00bb icon_color_border=\u00a0\u00bb#333333&Prime; icon_border_size=\u00a0\u00bb1&Prime; icon_border_radius=\u00a0\u00bb500&Prime; icon_border_spacing=\u00a0\u00bb50&Prime; img_width=\u00a0\u00bb48&Prime; ult_hide_row_large_screen=\u00a0\u00bboff\u00a0\u00bb ult_hide_row_desktop=\u00a0\u00bboff\u00a0\u00bb ult_hide_row_tablet=\u00a0\u00bboff\u00a0\u00bb ult_hide_row_tablet_small=\u00a0\u00bboff\u00a0\u00bb ult_hide_row_mobile=\u00a0\u00bboff\u00a0\u00bb ult_hide_row_mobile_large=\u00a0\u00bboff\u00a0\u00bb][vc_column width=\u00a0\u00bb2\/3&Prime; css=\u00a0\u00bb.vc_custom_1422780228335{margin: 0px !important;border-width: 0px !important;padding: 0px !important;}\u00a0\u00bb][vc_column_text css=\u00a0\u00bb.vc_custom_1422813797852{margin-top: 0px !important;margin-right: 0px !important;margin-bottom: 0px !important;margin-left: 0px !important;border-top-width: 0px !important;border-right-width: 0px !important;border-bottom-width: 0px !important;border-left-width: 0px !important;padding-top: 0px !important;padding-right: 0px !important;padding-bottom: 0px !important;padding-left: 0px !important;}\u00a0\u00bb]La premi\u00e8re \u00e9dition de SeGaMed a eu lieu les 5 et 6 octobre 2012 \u00e0 la Facult\u00e9 de M\u00e9decine de Nice, sous la pr\u00e9sidence scientifique de\u00a0Marc Cuggia (Rennes) et de David Crookall (Nice). L&rsquo;ensemble des pr\u00e9sentations ainsi que le livre des r\u00e9sum\u00e9s des communications est disponible ci-dessous. Un court reportage a \u00e9galement \u00e9t\u00e9 effectu\u00e9 par le service communication de la facult\u00e9 de m\u00e9decine de Nice (Emmanuelle Duchez et Jean-Christophe Vialle). Les vid\u00e9os des pr\u00e9sentations sont accessibles \u00e9galement sur le site de Canal U.[\/vc_column_text][vc_empty_space height=\u00a0\u00bb32px\u00a0\u00bb][\/vc_column][vc_column width=\u00a0\u00bb1\/3&Prime; css=\u00a0\u00bb.vc_custom_1422813666332{margin: 0px !important;border-width: 0px !important;padding: 0px !important;}\u00a0\u00bb][vc_button2 title=\u00a0\u00bbSeGaMed sur Canal U\u00a0\u00bb align=\u00a0\u00bbcenter\u00a0\u00bb style=\u00a0\u00bbround\u00a0\u00bb color=\u00a0\u00bborange\u00a0\u00bb size=\u00a0\u00bblg\u00a0\u00bb link=\u00a0\u00bburl:http%3A%2F%2Fwww.canal-u.tv%2Frecherche%2F%3Fq%3Dsegamed%26submitProgramSearch%3DOk%26simpleform_submitted%3Dsearchbar-form%26fromSimpleForm%3D1||target:%20_blank\u00a0\u00bb][\/vc_column][\/vc_row][vc_row css=\u00a0\u00bb.vc_custom_1422888036009{margin: 0px !important;border-width: 0px !important;padding: 0px !important;}\u00a0\u00bb bg_type=\u00a0\u00bbno_bg\u00a0\u00bb bg_grad=\u00a0\u00bbbackground: -webkit-gradient(linear, left top, left bottom, color-stop(0%, #E3E3E3));background: -moz-linear-gradient(top,#E3E3E3 0%);background: -webkit-linear-gradient(top,#E3E3E3 0%);background: -o-linear-gradient(top,#E3E3E3 0%);background: -ms-linear-gradient(top,#E3E3E3 0%);background: linear-gradient(top,#E3E3E3 0%);\u00a0\u00bb parallax_style=\u00a0\u00bbvcpb-default\u00a0\u00bb bg_image_repeat=\u00a0\u00bbrepeat\u00a0\u00bb bg_image_size=\u00a0\u00bbcover\u00a0\u00bb bg_img_attach=\u00a0\u00bbscroll\u00a0\u00bb parallax_sense=\u00a0\u00bb30&Prime; animation_direction=\u00a0\u00bbleft-animation\u00a0\u00bb animation_repeat=\u00a0\u00bbrepeat\u00a0\u00bb video_opts=\u00a0\u00bb\u00a0\u00bb viewport_vdo=\u00a0\u00bboff\u00a0\u00bb enable_controls=\u00a0\u00bboff\u00a0\u00bb bg_override=\u00a0\u00bb0&Prime; parallax_content_sense=\u00a0\u00bb30&Prime; fadeout_start_effect=\u00a0\u00bb30&Prime; overlay_pattern_opacity=\u00a0\u00bb80&Prime; overlay_pattern_attachment=\u00a0\u00bbfixed\u00a0\u00bb multi_color_overlay=\u00a0\u00bb\u00a0\u00bb multi_color_overlay_opacity=\u00a0\u00bb60&Prime; seperator_type=\u00a0\u00bbnone_seperator\u00a0\u00bb seperator_position=\u00a0\u00bbtop_seperator\u00a0\u00bb seperator_shape_size=\u00a0\u00bb40&Prime; seperator_svg_height=\u00a0\u00bb60&Prime; seperator_shape_background=\u00a0\u00bb#ffffff\u00a0\u00bb seperator_shape_border=\u00a0\u00bbnone\u00a0\u00bb seperator_shape_border_width=\u00a0\u00bb1&Prime; icon_type=\u00a0\u00bbno_icon\u00a0\u00bb icon_size=\u00a0\u00bb32&Prime; icon_style=\u00a0\u00bbnone\u00a0\u00bb icon_color_border=\u00a0\u00bb#333333&Prime; icon_border_size=\u00a0\u00bb1&Prime; icon_border_radius=\u00a0\u00bb500&Prime; icon_border_spacing=\u00a0\u00bb50&Prime; img_width=\u00a0\u00bb48&Prime; ult_hide_row_large_screen=\u00a0\u00bboff\u00a0\u00bb ult_hide_row_desktop=\u00a0\u00bboff\u00a0\u00bb ult_hide_row_tablet=\u00a0\u00bboff\u00a0\u00bb ult_hide_row_tablet_small=\u00a0\u00bboff\u00a0\u00bb ult_hide_row_mobile=\u00a0\u00bboff\u00a0\u00bb ult_hide_row_mobile_large=\u00a0\u00bboff\u00a0\u00bb][vc_column width=\u00a0\u00bb1\/1&Prime; css=\u00a0\u00bb.vc_custom_1422888159864{margin: 0px !important;border-width: 0px !important;padding: 0px !important;}\u00a0\u00bb][vc_accordion collapsible=\u00a0\u00bbyes\u00a0\u00bb disable_keyboard=\u00a0\u00bb\u00a0\u00bb active_tab=\u00a0\u00bb0&Prime;][vc_accordion_tab title=\u00a0\u00bbPr\u00e9sentations\u00a0\u00bb][vc_column_text css=\u00a0\u00bb.vc_custom_1422914442387{margin-top: 0px !important;margin-right: 0px !important;margin-bottom: 0px !important;margin-left: 0px !important;border-top-width: 0px !important;border-right-width: 0px !important;border-bottom-width: 0px !important;border-left-width: 0px !important;padding-top: 0px !important;padding-right: 0px !important;padding-bottom: 0px !important;padding-left: 0px !important;background-color: #e2e2e2 !important;}\u00a0\u00bb]<style>\n       .errordiv { padding:10px; margin:10px; border: 1px solid #555555;color: #000000;background-color: #f8f8f8; width:500px; }#advanced_iframe {visibility:visible;opacity:1;vertical-align:top;}.ai-info-bottom-iframe { position: fixed; z-index: 10000; bottom:0; left: 0; margin: 0px; text-align: center; width: 100%; background-color: #ff9999; padding-left: 5px;padding-bottom: 5px; border-top: 1px solid #aaa } a.ai-bold {font-weight: bold;}#ai-layer-div-advanced_iframe p {height:100%;margin:0;padding:0}<\/style><script type=\"text\/javascript\">var ai_iframe_width_advanced_iframe = 0;var ai_iframe_height_advanced_iframe = 0;var aiOnloadScrollTop=\"true\";var aiShowDebug=false;\n\t\tif (typeof aiReadyCallbacks === 'undefined') {\n\t\t\tvar aiReadyCallbacks = [];\n\t\t} else if (!(aiReadyCallbacks instanceof Array)) {\n\t\t\tvar aiReadyCallbacks = [];\n\t\t}    function aiShowIframeId(id_iframe) { jQuery(\"#\"+id_iframe).css(\"visibility\", \"visible\");    }    function aiResizeIframeHeight(height) { aiResizeIframeHeight(height,advanced_iframe); }    function aiResizeIframeHeightId(height,width,id) {aiResizeIframeHeightById(id,height);}<\/script><iframe id=\"advanced_iframe\"  name=\"advanced_iframe\"  src=\"https:\/\/drive.google.com\/embeddedfolderview?id=0BzF85Bf6-_NCfkxkTHZXX0pfSmJBRFRlZDlLX0pwcXdOSXBxUEt6Zi05ZTdEd09oN1NCY2c#grid\"  width=\"100%\"  height=\"500\"  frameborder=\"0\"  border=\"0\"  allowtransparency=\"true\"  loading=\"lazy\"  style=\"border:thin solid rgb(138,183,21);width:100%;height:500px;\"  onload='aiResizeIframe(this, &quot;true&quot;,&quot;1&quot;)' ><\/iframe><script type=\"text\/javascript\">var ifrm_advanced_iframe = document.getElementById(\"advanced_iframe\");var hiddenTabsDoneadvanced_iframe = false;\nfunction resizeCallbackadvanced_iframe() {}<\/script><script type=\"text\/javascript\"><\/script>[\/vc_column_text][\/vc_accordion_tab][vc_accordion_tab title=\u00a0\u00bbReportage\u00a0\u00bb][vc_video link=\u00a0\u00bbhttp:\/\/www.youtube.com\/watch?v=49P-CfsDhgg\u00a0\u00bb css=\u00a0\u00bb.vc_custom_1422721484263{margin: 0px !important;border-width: 0px !important;padding: 0px !important;}\u00a0\u00bb][\/vc_accordion_tab][\/vc_accordion][\/vc_column][\/vc_row]<\/p>\n<\/div>","protected":false},"excerpt":{"rendered":"<div class=\"mh-excerpt\"><p>[vc_row css=\u00a0\u00bb.vc_custom_1422779600428{margin: 0px !important;border-width: 0px !important;padding: 0px !important;}\u00a0\u00bb bg_type=\u00a0\u00bbno_bg\u00a0\u00bb bg_grad=\u00a0\u00bbbackground: -webkit-gradient(linear, left top, left bottom, color-stop(0%, #E3E3E3));background: -moz-linear-gradient(top,#E3E3E3 0%);background: -webkit-linear-gradient(top,#E3E3E3 0%);background: -o-linear-gradient(top,#E3E3E3 0%);background: -ms-linear-gradient(top,#E3E3E3 0%);background: linear-gradient(top,#E3E3E3 0%);\u00a0\u00bb parallax_style=\u00a0\u00bbvcpb-default\u00a0\u00bb bg_image_repeat=\u00a0\u00bbrepeat\u00a0\u00bb bg_image_size=\u00a0\u00bbcover\u00a0\u00bb bg_img_attach=\u00a0\u00bbscroll\u00a0\u00bb parallax_sense=\u00a0\u00bb30&Prime; animation_direction=\u00a0\u00bbleft-animation\u00a0\u00bb animation_repeat=\u00a0\u00bbrepeat\u00a0\u00bb video_opts=\u00a0\u00bb\u00a0\u00bb <a class=\"mh-excerpt-more\" href=\"https:\/\/segamed.eu\/WordPress\/editions\/2011-2\/\" title=\"2012\">[&#8230;]<\/a><\/p>\n<\/div>","protected":false},"author":1,"featured_media":0,"parent":11,"menu_order":0,"comment_status":"closed","ping_status":"closed","template":"page-full.php","meta":{"footnotes":""},"class_list":["post-13","page","type-page","status-publish"],"yoast_head":"<!-- This site is optimized with the Yoast SEO plugin v25.5 - https:\/\/yoast.com\/wordpress\/plugins\/seo\/ -->\n<title>2012 - Serious Games and Simulation Applied to Medecine and Healthcare<\/title>\n<meta name=\"robots\" content=\"index, follow, max-snippet:-1, max-image-preview:large, max-video-preview:-1\" \/>\n<link rel=\"canonical\" href=\"https:\/\/segamed.eu\/WordPress\/editions\/2011-2\/\" \/>\n<meta property=\"og:locale\" content=\"fr_FR\" \/>\n<meta property=\"og:type\" content=\"article\" \/>\n<meta property=\"og:title\" content=\"2012 - Serious Games and Simulation Applied to Medecine and Healthcare\" \/>\n<meta property=\"og:description\" content=\"[vc_row css=\u00a0\u00bb.vc_custom_1422779600428{margin: 0px !important;border-width: 0px !important;padding: 0px !important;}\u00a0\u00bb bg_type=\u00a0\u00bbno_bg\u00a0\u00bb bg_grad=\u00a0\u00bbbackground: -webkit-gradient(linear, left top, left bottom, color-stop(0%, #E3E3E3));background: -moz-linear-gradient(top,#E3E3E3 0%);background: -webkit-linear-gradient(top,#E3E3E3 0%);background: -o-linear-gradient(top,#E3E3E3 0%);background: -ms-linear-gradient(top,#E3E3E3 0%);background: linear-gradient(top,#E3E3E3 0%);\u00a0\u00bb parallax_style=\u00a0\u00bbvcpb-default\u00a0\u00bb bg_image_repeat=\u00a0\u00bbrepeat\u00a0\u00bb bg_image_size=\u00a0\u00bbcover\u00a0\u00bb bg_img_attach=\u00a0\u00bbscroll\u00a0\u00bb parallax_sense=\u00a0\u00bb30&Prime; animation_direction=\u00a0\u00bbleft-animation\u00a0\u00bb animation_repeat=\u00a0\u00bbrepeat\u00a0\u00bb video_opts=\u00a0\u00bb\u00a0\u00bb [...]\" \/>\n<meta property=\"og:url\" content=\"https:\/\/segamed.eu\/WordPress\/editions\/2011-2\/\" \/>\n<meta property=\"og:site_name\" content=\"Serious Games and Simulation Applied to Medecine and Healthcare\" \/>\n<meta property=\"article:modified_time\" content=\"2015-02-02T22:00:45+00:00\" \/>\n<meta name=\"twitter:label1\" content=\"Dur\u00e9e de lecture estim\u00e9e\" \/>\n\t<meta name=\"twitter:data1\" content=\"4 minutes\" \/>\n<script type=\"application\/ld+json\" class=\"yoast-schema-graph\">{\"@context\":\"https:\/\/schema.org\",\"@graph\":[{\"@type\":\"WebPage\",\"@id\":\"https:\/\/segamed.eu\/WordPress\/editions\/2011-2\/\",\"url\":\"https:\/\/segamed.eu\/WordPress\/editions\/2011-2\/\",\"name\":\"2012 - Serious Games and Simulation Applied to Medecine and Healthcare\",\"isPartOf\":{\"@id\":\"https:\/\/segamed.eu\/WordPress\/#website\"},\"datePublished\":\"2015-01-18T06:16:12+00:00\",\"dateModified\":\"2015-02-02T22:00:45+00:00\",\"breadcrumb\":{\"@id\":\"https:\/\/segamed.eu\/WordPress\/editions\/2011-2\/#breadcrumb\"},\"inLanguage\":\"fr-FR\",\"potentialAction\":[{\"@type\":\"ReadAction\",\"target\":[\"https:\/\/segamed.eu\/WordPress\/editions\/2011-2\/\"]}]},{\"@type\":\"BreadcrumbList\",\"@id\":\"https:\/\/segamed.eu\/WordPress\/editions\/2011-2\/#breadcrumb\",\"itemListElement\":[{\"@type\":\"ListItem\",\"position\":1,\"name\":\"Accueil\",\"item\":\"https:\/\/segamed.eu\/WordPress\/\"},{\"@type\":\"ListItem\",\"position\":2,\"name\":\"Editions\",\"item\":\"https:\/\/segamed.eu\/WordPress\/editions\/\"},{\"@type\":\"ListItem\",\"position\":3,\"name\":\"2012\"}]},{\"@type\":\"WebSite\",\"@id\":\"https:\/\/segamed.eu\/WordPress\/#website\",\"url\":\"https:\/\/segamed.eu\/WordPress\/\",\"name\":\"Serious Games and Simulation Applied to Medecine and Healthcare\",\"description\":\"Premier colloque sur la gamification, les jeux s\u00e9rieux et la simulation en sant\u00e9\",\"publisher\":{\"@id\":\"https:\/\/segamed.eu\/WordPress\/#organization\"},\"potentialAction\":[{\"@type\":\"SearchAction\",\"target\":{\"@type\":\"EntryPoint\",\"urlTemplate\":\"https:\/\/segamed.eu\/WordPress\/?s={search_term_string}\"},\"query-input\":{\"@type\":\"PropertyValueSpecification\",\"valueRequired\":true,\"valueName\":\"search_term_string\"}}],\"inLanguage\":\"fr-FR\"},{\"@type\":\"Organization\",\"@id\":\"https:\/\/segamed.eu\/WordPress\/#organization\",\"name\":\"Serious Games and Simulation Applied to Medecine and Healthcare\",\"url\":\"https:\/\/segamed.eu\/WordPress\/\",\"logo\":{\"@type\":\"ImageObject\",\"inLanguage\":\"fr-FR\",\"@id\":\"https:\/\/segamed.eu\/WordPress\/#\/schema\/logo\/image\/\",\"url\":\"https:\/\/segamed.eu\/WordPress\/wp-content\/uploads\/2015\/01\/cropped-logovert30080-1.jpeg\",\"contentUrl\":\"https:\/\/segamed.eu\/WordPress\/wp-content\/uploads\/2015\/01\/cropped-logovert30080-1.jpeg\",\"width\":300,\"height\":80,\"caption\":\"Serious Games and Simulation Applied to Medecine and Healthcare\"},\"image\":{\"@id\":\"https:\/\/segamed.eu\/WordPress\/#\/schema\/logo\/image\/\"}}]}<\/script>\n<!-- \/ Yoast SEO plugin. -->","yoast_head_json":{"title":"2012 - Serious Games and Simulation Applied to Medecine and Healthcare","robots":{"index":"index","follow":"follow","max-snippet":"max-snippet:-1","max-image-preview":"max-image-preview:large","max-video-preview":"max-video-preview:-1"},"canonical":"https:\/\/segamed.eu\/WordPress\/editions\/2011-2\/","og_locale":"fr_FR","og_type":"article","og_title":"2012 - Serious Games and Simulation Applied to Medecine and Healthcare","og_description":"[vc_row css=\u00a0\u00bb.vc_custom_1422779600428{margin: 0px !important;border-width: 0px !important;padding: 0px !important;}\u00a0\u00bb bg_type=\u00a0\u00bbno_bg\u00a0\u00bb bg_grad=\u00a0\u00bbbackground: -webkit-gradient(linear, left top, left bottom, color-stop(0%, #E3E3E3));background: -moz-linear-gradient(top,#E3E3E3 0%);background: -webkit-linear-gradient(top,#E3E3E3 0%);background: -o-linear-gradient(top,#E3E3E3 0%);background: -ms-linear-gradient(top,#E3E3E3 0%);background: linear-gradient(top,#E3E3E3 0%);\u00a0\u00bb parallax_style=\u00a0\u00bbvcpb-default\u00a0\u00bb bg_image_repeat=\u00a0\u00bbrepeat\u00a0\u00bb bg_image_size=\u00a0\u00bbcover\u00a0\u00bb bg_img_attach=\u00a0\u00bbscroll\u00a0\u00bb parallax_sense=\u00a0\u00bb30&Prime; animation_direction=\u00a0\u00bbleft-animation\u00a0\u00bb animation_repeat=\u00a0\u00bbrepeat\u00a0\u00bb video_opts=\u00a0\u00bb\u00a0\u00bb [...]","og_url":"https:\/\/segamed.eu\/WordPress\/editions\/2011-2\/","og_site_name":"Serious Games and Simulation Applied to Medecine and Healthcare","article_modified_time":"2015-02-02T22:00:45+00:00","twitter_misc":{"Dur\u00e9e de lecture estim\u00e9e":"4 minutes"},"schema":{"@context":"https:\/\/schema.org","@graph":[{"@type":"WebPage","@id":"https:\/\/segamed.eu\/WordPress\/editions\/2011-2\/","url":"https:\/\/segamed.eu\/WordPress\/editions\/2011-2\/","name":"2012 - Serious Games and Simulation Applied to Medecine and Healthcare","isPartOf":{"@id":"https:\/\/segamed.eu\/WordPress\/#website"},"datePublished":"2015-01-18T06:16:12+00:00","dateModified":"2015-02-02T22:00:45+00:00","breadcrumb":{"@id":"https:\/\/segamed.eu\/WordPress\/editions\/2011-2\/#breadcrumb"},"inLanguage":"fr-FR","potentialAction":[{"@type":"ReadAction","target":["https:\/\/segamed.eu\/WordPress\/editions\/2011-2\/"]}]},{"@type":"BreadcrumbList","@id":"https:\/\/segamed.eu\/WordPress\/editions\/2011-2\/#breadcrumb","itemListElement":[{"@type":"ListItem","position":1,"name":"Accueil","item":"https:\/\/segamed.eu\/WordPress\/"},{"@type":"ListItem","position":2,"name":"Editions","item":"https:\/\/segamed.eu\/WordPress\/editions\/"},{"@type":"ListItem","position":3,"name":"2012"}]},{"@type":"WebSite","@id":"https:\/\/segamed.eu\/WordPress\/#website","url":"https:\/\/segamed.eu\/WordPress\/","name":"Serious Games and Simulation Applied to Medecine and Healthcare","description":"Premier colloque sur la gamification, les jeux s\u00e9rieux et la simulation en sant\u00e9","publisher":{"@id":"https:\/\/segamed.eu\/WordPress\/#organization"},"potentialAction":[{"@type":"SearchAction","target":{"@type":"EntryPoint","urlTemplate":"https:\/\/segamed.eu\/WordPress\/?s={search_term_string}"},"query-input":{"@type":"PropertyValueSpecification","valueRequired":true,"valueName":"search_term_string"}}],"inLanguage":"fr-FR"},{"@type":"Organization","@id":"https:\/\/segamed.eu\/WordPress\/#organization","name":"Serious Games and Simulation Applied to Medecine and Healthcare","url":"https:\/\/segamed.eu\/WordPress\/","logo":{"@type":"ImageObject","inLanguage":"fr-FR","@id":"https:\/\/segamed.eu\/WordPress\/#\/schema\/logo\/image\/","url":"https:\/\/segamed.eu\/WordPress\/wp-content\/uploads\/2015\/01\/cropped-logovert30080-1.jpeg","contentUrl":"https:\/\/segamed.eu\/WordPress\/wp-content\/uploads\/2015\/01\/cropped-logovert30080-1.jpeg","width":300,"height":80,"caption":"Serious Games and Simulation Applied to Medecine and Healthcare"},"image":{"@id":"https:\/\/segamed.eu\/WordPress\/#\/schema\/logo\/image\/"}}]}},"_links":{"self":[{"href":"https:\/\/segamed.eu\/WordPress\/wp-json\/wp\/v2\/pages\/13","targetHints":{"allow":["GET"]}}],"collection":[{"href":"https:\/\/segamed.eu\/WordPress\/wp-json\/wp\/v2\/pages"}],"about":[{"href":"https:\/\/segamed.eu\/WordPress\/wp-json\/wp\/v2\/types\/page"}],"author":[{"embeddable":true,"href":"https:\/\/segamed.eu\/WordPress\/wp-json\/wp\/v2\/users\/1"}],"replies":[{"embeddable":true,"href":"https:\/\/segamed.eu\/WordPress\/wp-json\/wp\/v2\/comments?post=13"}],"version-history":[{"count":0,"href":"https:\/\/segamed.eu\/WordPress\/wp-json\/wp\/v2\/pages\/13\/revisions"}],"up":[{"embeddable":true,"href":"https:\/\/segamed.eu\/WordPress\/wp-json\/wp\/v2\/pages\/11"}],"wp:attachment":[{"href":"https:\/\/segamed.eu\/WordPress\/wp-json\/wp\/v2\/media?parent=13"}],"curies":[{"name":"wp","href":"https:\/\/api.w.org\/{rel}","templated":true}]}}