{"id":1017,"date":"2015-12-17T20:11:19","date_gmt":"2015-12-17T20:11:19","guid":{"rendered":"http:\/\/segamed.eu\/WordPress\/?page_id=1017"},"modified":"2023-06-21T15:21:48","modified_gmt":"2023-06-21T15:21:48","slug":"2015-3","status":"publish","type":"page","link":"https:\/\/segamed.eu\/WordPress\/editions\/2015-3\/","title":{"rendered":"2015"},"content":{"rendered":"<div class=\"wpb-content-wrapper\"><p>[vc_row gap=\u00a0\u00bb5&Prime; css=\u00a0\u00bb.vc_custom_1450417664821{margin-top: 0px !important;margin-right: 0px !important;margin-bottom: 0px !important;margin-left: 0px !important;border-top-width: 0px !important;border-right-width: 0px !important;border-bottom-width: 0px !important;border-left-width: 0px !important;padding-top: 0px !important;padding-right: 0px !important;padding-bottom: 0px !important;padding-left: 0px !important;}\u00a0\u00bb][vc_column css=\u00a0\u00bb.vc_custom_1450417633812{margin-top: 0px !important;margin-right: 0px !important;margin-bottom: 0px !important;margin-left: 0px !important;border-top-width: 0px !important;border-right-width: 0px !important;border-bottom-width: 0px !important;border-left-width: 0px !important;padding-top: 0px !important;padding-right: 0px !important;padding-bottom: 0px !important;padding-left: 0px !important;}\u00a0\u00bb][vc_custom_heading text=\u00a0\u00bbToutes les facettes de la gamification&#8230;\u00a0\u00bb google_fonts=\u00a0\u00bbfont_family:Montserrat%3Aregular%2C700|font_style:400%20regular%3A400%3Anormal\u00a0\u00bb css=\u00a0\u00bb.vc_custom_1450417653442{margin-top: 0px !important;margin-right: 0px !important;margin-bottom: 0px !important;margin-left: 0px !important;border-top-width: 0px !important;border-right-width: 0px !important;border-bottom-width: 0px !important;border-left-width: 0px !important;padding-top: 0px !important;padding-right: 0px !important;padding-bottom: 0px !important;padding-left: 0px !important;}\u00a0\u00bb][vc_column_text css=\u00a0\u00bb.vc_custom_1450417641261{margin-top: 0px !important;margin-right: 0px !important;margin-bottom: 0px !important;margin-left: 0px !important;border-top-width: 0px !important;border-right-width: 0px !important;border-bottom-width: 0px !important;border-left-width: 0px !important;padding-top: 0px !important;padding-right: 0px !important;padding-bottom: 0px !important;padding-left: 0px !important;}\u00a0\u00bb]SeGaMed est un lieu d\u2019expression unique consacr\u00e9 au jeu s\u00e9rieux en m\u00e9decine et en sant\u00e9. SeGaMed est un carrefour de rencontre et d\u2019\u00e9change pour la communaut\u00e9 d\u2019acteurs du jeu s\u00e9rieux sp\u00e9cialis\u00e9 sant\u00e9 : d\u00e9veloppeurs, porteurs de projets, industriels, utilisateurs (\u00e9tudiants, enseignants, patients), chercheurs. En 2015 nous nous int\u00e9ressons \u00e0 l\u2019anticipation. Comment identifier les ressorts de l\u2019utilisation d\u2019un jeu pour une probl\u00e9matique individuelle aussi complexe que la sant\u00e9, le bien-\u00eatre mais aussi la maladie ? Comment anticiper la lassitude et la pr\u00e9venir, renforcer la motivation et l\u2019entretenir, faciliter l\u2019accompagnement au changement sugg\u00e9r\u00e9 par le jeu ?\u00a0Si l\u2019\u00e9valuation est au coeur des pr\u00e9occupations, les mod\u00e8les sont encore incomplets.[\/vc_column_text][\/vc_column][\/vc_row][vc_row gap=\u00a0\u00bb5&Prime; css=\u00a0\u00bb.vc_custom_1450417675407{margin-top: 0px !important;margin-right: 0px !important;margin-bottom: 0px !important;margin-left: 0px !important;border-top-width: 0px !important;border-right-width: 0px !important;border-bottom-width: 0px !important;border-left-width: 0px !important;padding-top: 0px !important;padding-right: 0px !important;padding-bottom: 0px !important;padding-left: 0px !important;}\u00a0\u00bb][vc_column css=\u00a0\u00bb.vc_custom_1450381202934{margin-top: 0px !important;margin-right: 0px !important;margin-bottom: 0px !important;margin-left: 0px !important;border-top-width: 0px !important;border-right-width: 0px !important;border-bottom-width: 0px !important;border-left-width: 0px !important;padding-top: 0px !important;padding-right: 0px !important;padding-bottom: 0px !important;padding-left: 0px !important;}\u00a0\u00bb][vc_tta_accordion active_section=\u00a0\u00bb1&Prime; collapsible_all=\u00a0\u00bbtrue\u00a0\u00bb css=\u00a0\u00bb.vc_custom_1450382224603{margin-top: 0px !important;margin-right: 0px !important;margin-bottom: 0px !important;margin-left: 0px !important;border-top-width: 0px !important;border-right-width: 0px !important;border-bottom-width: 0px !important;border-left-width: 0px !important;padding-top: 0px !important;padding-right: 0px !important;padding-bottom: 0px !important;padding-left: 0px !important;}\u00a0\u00bb][vc_tta_section title=\u00a0\u00bbPr\u00e9sentations\u00a0\u00bb tab_id=\u00a0\u00bb1450381183114-c18c87dc-0682&Prime;][vc_column_text]<style>\n       .errordiv { padding:10px; margin:10px; border: 1px solid #555555;color: #000000;background-color: #f8f8f8; width:500px; }#advanced_iframe {visibility:visible;opacity:1;vertical-align:top;}.ai-info-bottom-iframe { position: fixed; z-index: 10000; bottom:0; left: 0; margin: 0px; text-align: center; width: 100%; background-color: #ff9999; padding-left: 5px;padding-bottom: 5px; border-top: 1px solid #aaa } a.ai-bold {font-weight: bold;}#ai-layer-div-advanced_iframe p {height:100%;margin:0;padding:0}<\/style><script type=\"text\/javascript\">var ai_iframe_width_advanced_iframe = 0;var ai_iframe_height_advanced_iframe = 0;var aiOnloadScrollTop=\"true\";var aiShowDebug=false;\n\t\tif (typeof aiReadyCallbacks === 'undefined') {\n\t\t\tvar aiReadyCallbacks = [];\n\t\t} else if (!(aiReadyCallbacks instanceof Array)) {\n\t\t\tvar aiReadyCallbacks = [];\n\t\t}    function aiShowIframeId(id_iframe) { jQuery(\"#\"+id_iframe).css(\"visibility\", \"visible\");    }    function aiResizeIframeHeight(height) { aiResizeIframeHeight(height,advanced_iframe); }    function aiResizeIframeHeightId(height,width,id) {aiResizeIframeHeightById(id,height);}<\/script><iframe id=\"advanced_iframe\"  name=\"advanced_iframe\"  src=\"https:\/\/drive.google.com\/embeddedfolderview?id=0BzF85Bf6-_NCWHNDc296YlNOa0U#grid\"  width=\"100%\"  height=\"500\"  frameborder=\"0\"  border=\"0\"  allowtransparency=\"true\"  loading=\"lazy\"  style=\"border:thin solid rgb(138,183,21);width:100%;height:500px;\"  onload='aiResizeIframe(this, &quot;true&quot;,&quot;1&quot;)' ><\/iframe><script type=\"text\/javascript\">var ifrm_advanced_iframe = document.getElementById(\"advanced_iframe\");var hiddenTabsDoneadvanced_iframe = false;\nfunction resizeCallbackadvanced_iframe() {}<\/script><script type=\"text\/javascript\"><\/script>[\/vc_column_text][\/vc_tta_section][vc_tta_section title=\u00a0\u00bbGallerie de photos\u00a0\u00bb tab_id=\u00a0\u00bb1450381183163-2cfd7ba7-574f\u00a0\u00bb][vc_column_text]<style>\n       .errordiv { padding:10px; margin:10px; border: 1px solid #555555;color: #000000;background-color: #f8f8f8; width:500px; }<script>if (console && console.error) { console.error(\"Advanced iframe configuration error: Duplicate id \\\"advanced_iframe\" for iframes found. Not all iframes will work like expected! Please give each iframe a unique id!\") }<\/script>#advanced_iframe {visibility:visible;opacity:1;vertical-align:top;}.ai-info-bottom-iframe { position: fixed; z-index: 10000; bottom:0; left: 0; margin: 0px; text-align: center; width: 100%; background-color: #ff9999; padding-left: 5px;padding-bottom: 5px; border-top: 1px solid #aaa } a.ai-bold {font-weight: bold;}#ai-layer-div-advanced_iframe p {height:100%;margin:0;padding:0}<\/style><script type=\"text\/javascript\">var ai_iframe_width_advanced_iframe = 0;var ai_iframe_height_advanced_iframe = 0;var aiOnloadScrollTop=\"true\";var aiShowDebug=false;\n\t\tif (typeof aiReadyCallbacks === 'undefined') {\n\t\t\tvar aiReadyCallbacks = [];\n\t\t} else if (!(aiReadyCallbacks instanceof Array)) {\n\t\t\tvar aiReadyCallbacks = [];\n\t\t}    function aiShowIframeId(id_iframe) { jQuery(\"#\"+id_iframe).css(\"visibility\", \"visible\");    }    function aiResizeIframeHeight(height) { aiResizeIframeHeight(height,advanced_iframe); }    function aiResizeIframeHeightId(height,width,id) {aiResizeIframeHeightById(id,height);}<\/script><iframe id=\"advanced_iframe\"  name=\"advanced_iframe\"  src=\"https:\/\/drive.google.com\/embeddedfolderview?id=0BzF85Bf6-_NCTm8zazFzZWRDX3M#grid\"  width=\"100%\"  height=\"500\"  frameborder=\"0\"  border=\"0\"  allowtransparency=\"true\"  loading=\"lazy\"  style=\"border:thin solid rgb(138,183,21);width:100%;height:500px;\"  onload='aiResizeIframe(this, &quot;true&quot;,&quot;1&quot;)' ><\/iframe><script type=\"text\/javascript\">var ifrm_advanced_iframe = document.getElementById(\"advanced_iframe\");var hiddenTabsDoneadvanced_iframe = false;\nfunction resizeCallbackadvanced_iframe() {}<\/script><script type=\"text\/javascript\"><\/script>[\/vc_column_text][\/vc_tta_section][\/vc_tta_accordion][\/vc_column][\/vc_row]<\/p>\n<\/div>","protected":false},"excerpt":{"rendered":"<div class=\"mh-excerpt\"><p>[vc_row gap=\u00a0\u00bb5&Prime; css=\u00a0\u00bb.vc_custom_1450417664821{margin-top: 0px !important;margin-right: 0px !important;margin-bottom: 0px !important;margin-left: 0px !important;border-top-width: 0px !important;border-right-width: 0px !important;border-bottom-width: 0px !important;border-left-width: 0px !important;padding-top: 0px !important;padding-right: 0px !important;padding-bottom: 0px !important;padding-left: 0px !important;}\u00a0\u00bb][vc_column css=\u00a0\u00bb.vc_custom_1450417633812{margin-top: 0px !important;margin-right: 0px !important;margin-bottom: 0px !important;margin-left: 0px <a class=\"mh-excerpt-more\" href=\"https:\/\/segamed.eu\/WordPress\/editions\/2015-3\/\" title=\"2015\">[&#8230;]<\/a><\/p>\n<\/div>","protected":false},"author":1,"featured_media":0,"parent":11,"menu_order":3,"comment_status":"closed","ping_status":"closed","template":"","meta":{"footnotes":""},"class_list":["post-1017","page","type-page","status-publish"],"yoast_head":"<!-- This site is optimized with the Yoast SEO plugin v25.5 - https:\/\/yoast.com\/wordpress\/plugins\/seo\/ -->\n<title>2015 - Serious Games and Simulation Applied to Medecine and Healthcare<\/title>\n<meta name=\"robots\" content=\"index, follow, max-snippet:-1, max-image-preview:large, max-video-preview:-1\" \/>\n<link rel=\"canonical\" href=\"https:\/\/segamed.eu\/WordPress\/editions\/2015-3\/\" \/>\n<meta property=\"og:locale\" content=\"fr_FR\" \/>\n<meta property=\"og:type\" content=\"article\" \/>\n<meta property=\"og:title\" content=\"2015 - Serious Games and Simulation Applied to Medecine and Healthcare\" \/>\n<meta property=\"og:description\" content=\"[vc_row gap=\u00a0\u00bb5&Prime; css=\u00a0\u00bb.vc_custom_1450417664821{margin-top: 0px !important;margin-right: 0px !important;margin-bottom: 0px !important;margin-left: 0px !important;border-top-width: 0px !important;border-right-width: 0px !important;border-bottom-width: 0px !important;border-left-width: 0px !important;padding-top: 0px !important;padding-right: 0px !important;padding-bottom: 0px !important;padding-left: 0px !important;}\u00a0\u00bb][vc_column css=\u00a0\u00bb.vc_custom_1450417633812{margin-top: 0px !important;margin-right: 0px !important;margin-bottom: 0px !important;margin-left: 0px [...]\" \/>\n<meta property=\"og:url\" content=\"https:\/\/segamed.eu\/WordPress\/editions\/2015-3\/\" \/>\n<meta property=\"og:site_name\" content=\"Serious Games and Simulation Applied to Medecine and Healthcare\" \/>\n<meta property=\"article:modified_time\" content=\"2023-06-21T15:21:48+00:00\" \/>\n<meta name=\"twitter:label1\" content=\"Dur\u00e9e de lecture estim\u00e9e\" \/>\n\t<meta name=\"twitter:data1\" content=\"2 minutes\" \/>\n<script type=\"application\/ld+json\" class=\"yoast-schema-graph\">{\"@context\":\"https:\/\/schema.org\",\"@graph\":[{\"@type\":\"WebPage\",\"@id\":\"https:\/\/segamed.eu\/WordPress\/editions\/2015-3\/\",\"url\":\"https:\/\/segamed.eu\/WordPress\/editions\/2015-3\/\",\"name\":\"2015 - Serious Games and Simulation Applied to Medecine and Healthcare\",\"isPartOf\":{\"@id\":\"https:\/\/segamed.eu\/WordPress\/#website\"},\"datePublished\":\"2015-12-17T20:11:19+00:00\",\"dateModified\":\"2023-06-21T15:21:48+00:00\",\"breadcrumb\":{\"@id\":\"https:\/\/segamed.eu\/WordPress\/editions\/2015-3\/#breadcrumb\"},\"inLanguage\":\"fr-FR\",\"potentialAction\":[{\"@type\":\"ReadAction\",\"target\":[\"https:\/\/segamed.eu\/WordPress\/editions\/2015-3\/\"]}]},{\"@type\":\"BreadcrumbList\",\"@id\":\"https:\/\/segamed.eu\/WordPress\/editions\/2015-3\/#breadcrumb\",\"itemListElement\":[{\"@type\":\"ListItem\",\"position\":1,\"name\":\"Accueil\",\"item\":\"https:\/\/segamed.eu\/WordPress\/\"},{\"@type\":\"ListItem\",\"position\":2,\"name\":\"Editions\",\"item\":\"https:\/\/segamed.eu\/WordPress\/editions\/\"},{\"@type\":\"ListItem\",\"position\":3,\"name\":\"2015\"}]},{\"@type\":\"WebSite\",\"@id\":\"https:\/\/segamed.eu\/WordPress\/#website\",\"url\":\"https:\/\/segamed.eu\/WordPress\/\",\"name\":\"Serious Games and Simulation Applied to Medecine and Healthcare\",\"description\":\"Premier colloque sur la gamification, les jeux s\u00e9rieux et la simulation en sant\u00e9\",\"publisher\":{\"@id\":\"https:\/\/segamed.eu\/WordPress\/#organization\"},\"potentialAction\":[{\"@type\":\"SearchAction\",\"target\":{\"@type\":\"EntryPoint\",\"urlTemplate\":\"https:\/\/segamed.eu\/WordPress\/?s={search_term_string}\"},\"query-input\":{\"@type\":\"PropertyValueSpecification\",\"valueRequired\":true,\"valueName\":\"search_term_string\"}}],\"inLanguage\":\"fr-FR\"},{\"@type\":\"Organization\",\"@id\":\"https:\/\/segamed.eu\/WordPress\/#organization\",\"name\":\"Serious Games and Simulation Applied to Medecine and Healthcare\",\"url\":\"https:\/\/segamed.eu\/WordPress\/\",\"logo\":{\"@type\":\"ImageObject\",\"inLanguage\":\"fr-FR\",\"@id\":\"https:\/\/segamed.eu\/WordPress\/#\/schema\/logo\/image\/\",\"url\":\"https:\/\/segamed.eu\/WordPress\/wp-content\/uploads\/2015\/01\/cropped-logovert30080-1.jpeg\",\"contentUrl\":\"https:\/\/segamed.eu\/WordPress\/wp-content\/uploads\/2015\/01\/cropped-logovert30080-1.jpeg\",\"width\":300,\"height\":80,\"caption\":\"Serious Games and Simulation Applied to Medecine and Healthcare\"},\"image\":{\"@id\":\"https:\/\/segamed.eu\/WordPress\/#\/schema\/logo\/image\/\"}}]}<\/script>\n<!-- \/ Yoast SEO plugin. -->","yoast_head_json":{"title":"2015 - Serious Games and Simulation Applied to Medecine and Healthcare","robots":{"index":"index","follow":"follow","max-snippet":"max-snippet:-1","max-image-preview":"max-image-preview:large","max-video-preview":"max-video-preview:-1"},"canonical":"https:\/\/segamed.eu\/WordPress\/editions\/2015-3\/","og_locale":"fr_FR","og_type":"article","og_title":"2015 - Serious Games and Simulation Applied to Medecine and Healthcare","og_description":"[vc_row gap=\u00a0\u00bb5&Prime; css=\u00a0\u00bb.vc_custom_1450417664821{margin-top: 0px !important;margin-right: 0px !important;margin-bottom: 0px !important;margin-left: 0px !important;border-top-width: 0px !important;border-right-width: 0px !important;border-bottom-width: 0px !important;border-left-width: 0px !important;padding-top: 0px !important;padding-right: 0px !important;padding-bottom: 0px !important;padding-left: 0px !important;}\u00a0\u00bb][vc_column css=\u00a0\u00bb.vc_custom_1450417633812{margin-top: 0px !important;margin-right: 0px !important;margin-bottom: 0px !important;margin-left: 0px [...]","og_url":"https:\/\/segamed.eu\/WordPress\/editions\/2015-3\/","og_site_name":"Serious Games and Simulation Applied to Medecine and Healthcare","article_modified_time":"2023-06-21T15:21:48+00:00","twitter_misc":{"Dur\u00e9e de lecture estim\u00e9e":"2 minutes"},"schema":{"@context":"https:\/\/schema.org","@graph":[{"@type":"WebPage","@id":"https:\/\/segamed.eu\/WordPress\/editions\/2015-3\/","url":"https:\/\/segamed.eu\/WordPress\/editions\/2015-3\/","name":"2015 - Serious Games and Simulation Applied to Medecine and Healthcare","isPartOf":{"@id":"https:\/\/segamed.eu\/WordPress\/#website"},"datePublished":"2015-12-17T20:11:19+00:00","dateModified":"2023-06-21T15:21:48+00:00","breadcrumb":{"@id":"https:\/\/segamed.eu\/WordPress\/editions\/2015-3\/#breadcrumb"},"inLanguage":"fr-FR","potentialAction":[{"@type":"ReadAction","target":["https:\/\/segamed.eu\/WordPress\/editions\/2015-3\/"]}]},{"@type":"BreadcrumbList","@id":"https:\/\/segamed.eu\/WordPress\/editions\/2015-3\/#breadcrumb","itemListElement":[{"@type":"ListItem","position":1,"name":"Accueil","item":"https:\/\/segamed.eu\/WordPress\/"},{"@type":"ListItem","position":2,"name":"Editions","item":"https:\/\/segamed.eu\/WordPress\/editions\/"},{"@type":"ListItem","position":3,"name":"2015"}]},{"@type":"WebSite","@id":"https:\/\/segamed.eu\/WordPress\/#website","url":"https:\/\/segamed.eu\/WordPress\/","name":"Serious Games and Simulation Applied to Medecine and Healthcare","description":"Premier colloque sur la gamification, les jeux s\u00e9rieux et la simulation en sant\u00e9","publisher":{"@id":"https:\/\/segamed.eu\/WordPress\/#organization"},"potentialAction":[{"@type":"SearchAction","target":{"@type":"EntryPoint","urlTemplate":"https:\/\/segamed.eu\/WordPress\/?s={search_term_string}"},"query-input":{"@type":"PropertyValueSpecification","valueRequired":true,"valueName":"search_term_string"}}],"inLanguage":"fr-FR"},{"@type":"Organization","@id":"https:\/\/segamed.eu\/WordPress\/#organization","name":"Serious Games and Simulation Applied to Medecine and Healthcare","url":"https:\/\/segamed.eu\/WordPress\/","logo":{"@type":"ImageObject","inLanguage":"fr-FR","@id":"https:\/\/segamed.eu\/WordPress\/#\/schema\/logo\/image\/","url":"https:\/\/segamed.eu\/WordPress\/wp-content\/uploads\/2015\/01\/cropped-logovert30080-1.jpeg","contentUrl":"https:\/\/segamed.eu\/WordPress\/wp-content\/uploads\/2015\/01\/cropped-logovert30080-1.jpeg","width":300,"height":80,"caption":"Serious Games and Simulation Applied to Medecine and Healthcare"},"image":{"@id":"https:\/\/segamed.eu\/WordPress\/#\/schema\/logo\/image\/"}}]}},"_links":{"self":[{"href":"https:\/\/segamed.eu\/WordPress\/wp-json\/wp\/v2\/pages\/1017","targetHints":{"allow":["GET"]}}],"collection":[{"href":"https:\/\/segamed.eu\/WordPress\/wp-json\/wp\/v2\/pages"}],"about":[{"href":"https:\/\/segamed.eu\/WordPress\/wp-json\/wp\/v2\/types\/page"}],"author":[{"embeddable":true,"href":"https:\/\/segamed.eu\/WordPress\/wp-json\/wp\/v2\/users\/1"}],"replies":[{"embeddable":true,"href":"https:\/\/segamed.eu\/WordPress\/wp-json\/wp\/v2\/comments?post=1017"}],"version-history":[{"count":1,"href":"https:\/\/segamed.eu\/WordPress\/wp-json\/wp\/v2\/pages\/1017\/revisions"}],"predecessor-version":[{"id":1756,"href":"https:\/\/segamed.eu\/WordPress\/wp-json\/wp\/v2\/pages\/1017\/revisions\/1756"}],"up":[{"embeddable":true,"href":"https:\/\/segamed.eu\/WordPress\/wp-json\/wp\/v2\/pages\/11"}],"wp:attachment":[{"href":"https:\/\/segamed.eu\/WordPress\/wp-json\/wp\/v2\/media?parent=1017"}],"curies":[{"name":"wp","href":"https:\/\/api.w.org\/{rel}","templated":true}]}}