{"id":1257,"date":"2017-01-15T20:33:15","date_gmt":"2017-01-15T20:33:15","guid":{"rendered":"http:\/\/segamed.eu\/WordPress\/?page_id=1257"},"modified":"2018-10-07T06:07:39","modified_gmt":"2018-10-07T06:07:39","slug":"2016-2-2","status":"publish","type":"page","link":"http:\/\/segamed.eu\/WordPress\/editions\/2016-2-2\/","title":{"rendered":"2016"},"content":{"rendered":"<div class=\"wpb-content-wrapper\"><p>[vc_row gap=\u00a0\u00bb5&Prime; css=\u00a0\u00bb.vc_custom_1450417664821{margin-top: 0px !important;margin-right: 0px !important;margin-bottom: 0px !important;margin-left: 0px !important;border-top-width: 0px !important;border-right-width: 0px !important;border-bottom-width: 0px !important;border-left-width: 0px !important;padding-top: 0px !important;padding-right: 0px !important;padding-bottom: 0px !important;padding-left: 0px !important;}\u00a0\u00bb][vc_column css=\u00a0\u00bb.vc_custom_1450417633812{margin-top: 0px !important;margin-right: 0px !important;margin-bottom: 0px !important;margin-left: 0px !important;border-top-width: 0px !important;border-right-width: 0px !important;border-bottom-width: 0px !important;border-left-width: 0px !important;padding-top: 0px !important;padding-right: 0px !important;padding-bottom: 0px !important;padding-left: 0px !important;}\u00a0\u00bb][vc_custom_heading text=\u00a0\u00bbLa Health Gaming Week : une premi\u00e8re en France\u00a0\u00bb google_fonts=\u00a0\u00bbfont_family:Montserrat%3Aregular%2C700|font_style:400%20regular%3A400%3Anormal\u00a0\u00bb css=\u00a0\u00bb.vc_custom_1484512389252{margin-top: 0px !important;margin-right: 0px !important;margin-bottom: 0px !important;margin-left: 0px !important;border-top-width: 0px !important;border-right-width: 0px !important;border-bottom-width: 0px !important;border-left-width: 0px !important;padding-top: 0px !important;padding-right: 0px !important;padding-bottom: 0px !important;padding-left: 0px !important;}\u00a0\u00bb][vc_column_text css=\u00a0\u00bb.vc_custom_1486268379049{margin-top: 0px !important;margin-right: 0px !important;margin-bottom: 0px !important;margin-left: 0px !important;border-top-width: 0px !important;border-right-width: 0px !important;border-bottom-width: 0px !important;border-left-width: 0px !important;padding-top: 0px !important;padding-right: 0px !important;padding-bottom: 0px !important;padding-left: 0px !important;}\u00a0\u00bb]L\u2019objectif de SeGaMed est de promouvoir les bonnes pratiques de d\u00e9veloppement et d\u2019utilisation de la simulation full num\u00e9rique et de la gamification dans les situations de formation et d\u2019information li\u00e9es \u00e0 la r\u00e9solution de questions et probl\u00e9matiques en lien avec l\u2019\u00e9ducation th\u00e9rapeutique, l\u2019\u00e9ducation \u00e0 la sant\u00e9, la qualit\u00e9, les risques et les vigilances en sant\u00e9 \u00e0 destination des patients et des professionnels de sant\u00e9.<\/p>\n<p>Du 25 novembre au 3 d\u00e9cembre 2016, la facult\u00e9 de M\u00e9decine de Nice a organis\u00e9 la premi\u00e8re Health Gaming Week Appliqu\u00e9e \u00e0 la m\u00e9decine et \u00e0 la Sant\u00e9.\u00a0Cette semaine a consacr\u00e9 trois types d\u2019\u00e9v\u00e9nements :<\/p>\n<ul>\n<li>Du 25 au 27 novembre, le premier gamathon appliqu\u00e9 \u00e0 la m\u00e9decine et \u00e0 la sant\u00e9.<\/li>\n<li>Du 28 novembre au 1er d\u00e9cembre, une succession de workshops et une master classe d\u00e9di\u00e9e \u00e0 la gamification pour les probl\u00e9matiques de nutrition<\/li>\n<li>Le 2 et 3 d\u00e9cembre, la 5\u00e8me \u00e9dition du colloque SeGaMed (Serious Gaming and Simulating Applied for Medicine and Health).<\/li>\n<\/ul>\n<p>La premi\u00e8re Health Gaming Week a ainsi vu le jour en France avec la premi\u00e8re \u00e9dition d&rsquo;un Gamathon, une s\u00e9rie de workshops et une master classe anim\u00e9s par les meilleurs experts fran\u00e7ais et europ\u00e9ens.<\/p>\n<p>Les temps forts ont \u00e9t\u00e9\u00a0: la master classe sur la \u00ab ludonutrition \u00bb, le workshop \u00ab scenario based learning et electronic virtual patient \u00bb, le workshop sur \u00ab gamification et r\u00e9alit\u00e9 virtuelle \u00bb, le workshop organis\u00e9 par Grenoble Ecole de Management sur \u00ab Tech it ! un serious game stimulant l\u2019innovation \u00bb.<\/p>\n<p>Merci au soutien infaillible de l&rsquo;UNF3S, \u00e0 la Fondation L\u00e9pine, \u00e0 la MACSF, \u00e0 la facult\u00e9 de M\u00e9decine de Nice et au Centre Hospitalier Universitaire de Nice pour leur soutien financier et logistique.<\/p>\n<p>Vous trouverez ci-dessous l&rsquo;int\u00e9gralit\u00e9 des pr\u00e9sentations film\u00e9es. Pour faire appara\u00eetre la liste, cliquez sur le symbole en haut et \u00e0 gauche de la fen\u00eatre Youtube ci-dessous.[\/vc_column_text][vc_empty_space][\/vc_column][\/vc_row][vc_row][vc_column][vc_tta_accordion c_icon=\u00a0\u00bbtriangle\u00a0\u00bb c_position=\u00a0\u00bbright\u00a0\u00bb active_section=\u00a0\u00bb100&Prime; collapsible_all=\u00a0\u00bbtrue\u00a0\u00bb][vc_tta_section i_icon_fontawesome=\u00a0\u00bbfa fa-youtube\u00a0\u00bb add_icon=\u00a0\u00bbtrue\u00a0\u00bb title=\u00a0\u00bbVid\u00e9os du colloque\u00a0\u00bb tab_id=\u00a0\u00bb1486271480228-b0d7a35d-a2e5&Prime;][vc_video link=\u00a0\u00bbhttps:\/\/www.youtube.com\/playlist?list=PLj9fiEdhuiHrm4MtrxagrkgfW4qZcJvyH\u00a0\u00bb align=\u00a0\u00bbcenter\u00a0\u00bb][\/vc_tta_section][vc_tta_section i_icon_fontawesome=\u00a0\u00bbfa fa-camera\u00a0\u00bb add_icon=\u00a0\u00bbtrue\u00a0\u00bb title=\u00a0\u00bbPhotos (quelques&#8230;)\u00a0\u00bb tab_id=\u00a0\u00bb1486271480271-6b1a98db-b9eb\u00a0\u00bb][vc_column_text]<style>\n       .errordiv { padding:10px; margin:10px; border: 1px solid #555555;color: #000000;background-color: #f8f8f8; width:500px; }#advanced_iframe {visibility:visible;opacity:1;vertical-align:top;}.ai-info-bottom-iframe { position: fixed; z-index: 10000; bottom:0; left: 0; margin: 0px; text-align: center; width: 100%; background-color: #ff9999; padding-left: 5px;padding-bottom: 5px; border-top: 1px solid #aaa } a.ai-bold {font-weight: bold;}#ai-layer-div-advanced_iframe p {height:100%;margin:0;padding:0}<\/style><script type=\"text\/javascript\">var ai_iframe_width_advanced_iframe = 0;var ai_iframe_height_advanced_iframe = 0;var aiOnloadScrollTop=\"true\";var aiShowDebug=false;\n\t\tif (typeof aiReadyCallbacks === 'undefined') {\n\t\t\tvar aiReadyCallbacks = [];\n\t\t} else if (!(aiReadyCallbacks instanceof Array)) {\n\t\t\tvar aiReadyCallbacks = [];\n\t\t}    function aiShowIframeId(id_iframe) { jQuery(\"#\"+id_iframe).css(\"visibility\", \"visible\");    }    function aiResizeIframeHeight(height) { aiResizeIframeHeight(height,advanced_iframe); }    function aiResizeIframeHeightId(height,width,id) {aiResizeIframeHeightById(id,height);}<\/script><iframe id=\"advanced_iframe\"  name=\"advanced_iframe\"  src=\"https:\/\/drive.google.com\/embeddedfolderview?id=0BzF85Bf6-_NCVmZxUEJSdDFYY0k#grid\"  width=\"100%\"  height=\"500\"  frameborder=\"0\"  border=\"0\"  allowtransparency=\"true\"  loading=\"lazy\"  style=\"border:thin solid rgb(138,183,21);width:100%;height:500px;\"  onload='aiResizeIframe(this, &quot;true&quot;,&quot;1&quot;)' ><\/iframe><script type=\"text\/javascript\">var ifrm_advanced_iframe = document.getElementById(\"advanced_iframe\");var hiddenTabsDoneadvanced_iframe = false;\nfunction resizeCallbackadvanced_iframe() {}<\/script><script type=\"text\/javascript\"><\/script>[\/vc_column_text][\/vc_tta_section][\/vc_tta_accordion][\/vc_column][\/vc_row][vc_column][\/vc_column]<\/p>\n<\/div>","protected":false},"excerpt":{"rendered":"<div class=\"mh-excerpt\"><p>[vc_row gap=\u00a0\u00bb5&Prime; css=\u00a0\u00bb.vc_custom_1450417664821{margin-top: 0px !important;margin-right: 0px !important;margin-bottom: 0px !important;margin-left: 0px !important;border-top-width: 0px !important;border-right-width: 0px !important;border-bottom-width: 0px !important;border-left-width: 0px !important;padding-top: 0px !important;padding-right: 0px !important;padding-bottom: 0px !important;padding-left: 0px !important;}\u00a0\u00bb][vc_column css=\u00a0\u00bb.vc_custom_1450417633812{margin-top: 0px !important;margin-right: 0px !important;margin-bottom: 0px !important;margin-left: 0px <a class=\"mh-excerpt-more\" href=\"http:\/\/segamed.eu\/WordPress\/editions\/2016-2-2\/\" title=\"2016\">[&#8230;]<\/a><\/p>\n<\/div>","protected":false},"author":1,"featured_media":1278,"parent":11,"menu_order":4,"comment_status":"closed","ping_status":"closed","template":"page-full.php","meta":{"footnotes":""},"class_list":["post-1257","page","type-page","status-publish","has-post-thumbnail"],"yoast_head":"<!-- This site is optimized with the Yoast SEO plugin v25.5 - https:\/\/yoast.com\/wordpress\/plugins\/seo\/ -->\n<title>2016 - Serious Games and Simulation Applied to Medecine and Healthcare<\/title>\n<meta name=\"robots\" content=\"index, follow, max-snippet:-1, max-image-preview:large, max-video-preview:-1\" \/>\n<link rel=\"canonical\" href=\"http:\/\/segamed.eu\/WordPress\/editions\/2016-2-2\/\" \/>\n<meta property=\"og:locale\" content=\"fr_FR\" \/>\n<meta property=\"og:type\" content=\"article\" \/>\n<meta property=\"og:title\" content=\"2016 - Serious Games and Simulation Applied to Medecine and Healthcare\" \/>\n<meta property=\"og:description\" content=\"[vc_row gap=\u00a0\u00bb5&Prime; css=\u00a0\u00bb.vc_custom_1450417664821{margin-top: 0px !important;margin-right: 0px !important;margin-bottom: 0px !important;margin-left: 0px !important;border-top-width: 0px !important;border-right-width: 0px !important;border-bottom-width: 0px !important;border-left-width: 0px !important;padding-top: 0px !important;padding-right: 0px !important;padding-bottom: 0px !important;padding-left: 0px !important;}\u00a0\u00bb][vc_column css=\u00a0\u00bb.vc_custom_1450417633812{margin-top: 0px !important;margin-right: 0px !important;margin-bottom: 0px !important;margin-left: 0px [...]\" \/>\n<meta property=\"og:url\" content=\"http:\/\/segamed.eu\/WordPress\/editions\/2016-2-2\/\" \/>\n<meta property=\"og:site_name\" content=\"Serious Games and Simulation Applied to Medecine and Healthcare\" \/>\n<meta property=\"article:modified_time\" content=\"2018-10-07T06:07:39+00:00\" \/>\n<meta property=\"og:image\" content=\"http:\/\/segamed.eu\/WordPress\/wp-content\/uploads\/2017\/01\/31431423845_9d823facfb_z.jpg\" \/>\n\t<meta property=\"og:image:width\" content=\"640\" \/>\n\t<meta property=\"og:image:height\" content=\"343\" \/>\n\t<meta property=\"og:image:type\" content=\"image\/jpeg\" \/>\n<meta name=\"twitter:label1\" content=\"Dur\u00e9e de lecture estim\u00e9e\" \/>\n\t<meta name=\"twitter:data1\" content=\"3 minutes\" \/>\n<script type=\"application\/ld+json\" class=\"yoast-schema-graph\">{\"@context\":\"https:\/\/schema.org\",\"@graph\":[{\"@type\":\"WebPage\",\"@id\":\"http:\/\/segamed.eu\/WordPress\/editions\/2016-2-2\/\",\"url\":\"http:\/\/segamed.eu\/WordPress\/editions\/2016-2-2\/\",\"name\":\"2016 - Serious Games and Simulation Applied to Medecine and Healthcare\",\"isPartOf\":{\"@id\":\"https:\/\/segamed.eu\/WordPress\/#website\"},\"primaryImageOfPage\":{\"@id\":\"http:\/\/segamed.eu\/WordPress\/editions\/2016-2-2\/#primaryimage\"},\"image\":{\"@id\":\"http:\/\/segamed.eu\/WordPress\/editions\/2016-2-2\/#primaryimage\"},\"thumbnailUrl\":\"http:\/\/segamed.eu\/WordPress\/wp-content\/uploads\/2017\/01\/31431423845_9d823facfb_z.jpg\",\"datePublished\":\"2017-01-15T20:33:15+00:00\",\"dateModified\":\"2018-10-07T06:07:39+00:00\",\"breadcrumb\":{\"@id\":\"http:\/\/segamed.eu\/WordPress\/editions\/2016-2-2\/#breadcrumb\"},\"inLanguage\":\"fr-FR\",\"potentialAction\":[{\"@type\":\"ReadAction\",\"target\":[\"http:\/\/segamed.eu\/WordPress\/editions\/2016-2-2\/\"]}]},{\"@type\":\"ImageObject\",\"inLanguage\":\"fr-FR\",\"@id\":\"http:\/\/segamed.eu\/WordPress\/editions\/2016-2-2\/#primaryimage\",\"url\":\"http:\/\/segamed.eu\/WordPress\/wp-content\/uploads\/2017\/01\/31431423845_9d823facfb_z.jpg\",\"contentUrl\":\"http:\/\/segamed.eu\/WordPress\/wp-content\/uploads\/2017\/01\/31431423845_9d823facfb_z.jpg\",\"width\":640,\"height\":343},{\"@type\":\"BreadcrumbList\",\"@id\":\"http:\/\/segamed.eu\/WordPress\/editions\/2016-2-2\/#breadcrumb\",\"itemListElement\":[{\"@type\":\"ListItem\",\"position\":1,\"name\":\"Accueil\",\"item\":\"https:\/\/segamed.eu\/WordPress\/\"},{\"@type\":\"ListItem\",\"position\":2,\"name\":\"Editions\",\"item\":\"https:\/\/segamed.eu\/WordPress\/editions\/\"},{\"@type\":\"ListItem\",\"position\":3,\"name\":\"2016\"}]},{\"@type\":\"WebSite\",\"@id\":\"https:\/\/segamed.eu\/WordPress\/#website\",\"url\":\"https:\/\/segamed.eu\/WordPress\/\",\"name\":\"Serious Games and Simulation Applied to Medecine and Healthcare\",\"description\":\"Premier colloque sur la gamification, les jeux s\u00e9rieux et la simulation en sant\u00e9\",\"publisher\":{\"@id\":\"https:\/\/segamed.eu\/WordPress\/#organization\"},\"potentialAction\":[{\"@type\":\"SearchAction\",\"target\":{\"@type\":\"EntryPoint\",\"urlTemplate\":\"https:\/\/segamed.eu\/WordPress\/?s={search_term_string}\"},\"query-input\":{\"@type\":\"PropertyValueSpecification\",\"valueRequired\":true,\"valueName\":\"search_term_string\"}}],\"inLanguage\":\"fr-FR\"},{\"@type\":\"Organization\",\"@id\":\"https:\/\/segamed.eu\/WordPress\/#organization\",\"name\":\"Serious Games and Simulation Applied to Medecine and Healthcare\",\"url\":\"https:\/\/segamed.eu\/WordPress\/\",\"logo\":{\"@type\":\"ImageObject\",\"inLanguage\":\"fr-FR\",\"@id\":\"https:\/\/segamed.eu\/WordPress\/#\/schema\/logo\/image\/\",\"url\":\"http:\/\/segamed.eu\/WordPress\/wp-content\/uploads\/2015\/01\/cropped-logovert30080-1.jpeg\",\"contentUrl\":\"http:\/\/segamed.eu\/WordPress\/wp-content\/uploads\/2015\/01\/cropped-logovert30080-1.jpeg\",\"width\":300,\"height\":80,\"caption\":\"Serious Games and Simulation Applied to Medecine and Healthcare\"},\"image\":{\"@id\":\"https:\/\/segamed.eu\/WordPress\/#\/schema\/logo\/image\/\"}}]}<\/script>\n<!-- \/ Yoast SEO plugin. -->","yoast_head_json":{"title":"2016 - Serious Games and Simulation Applied to Medecine and Healthcare","robots":{"index":"index","follow":"follow","max-snippet":"max-snippet:-1","max-image-preview":"max-image-preview:large","max-video-preview":"max-video-preview:-1"},"canonical":"http:\/\/segamed.eu\/WordPress\/editions\/2016-2-2\/","og_locale":"fr_FR","og_type":"article","og_title":"2016 - Serious Games and Simulation Applied to Medecine and Healthcare","og_description":"[vc_row gap=\u00a0\u00bb5&Prime; css=\u00a0\u00bb.vc_custom_1450417664821{margin-top: 0px !important;margin-right: 0px !important;margin-bottom: 0px !important;margin-left: 0px !important;border-top-width: 0px !important;border-right-width: 0px !important;border-bottom-width: 0px !important;border-left-width: 0px !important;padding-top: 0px !important;padding-right: 0px !important;padding-bottom: 0px !important;padding-left: 0px !important;}\u00a0\u00bb][vc_column css=\u00a0\u00bb.vc_custom_1450417633812{margin-top: 0px !important;margin-right: 0px !important;margin-bottom: 0px !important;margin-left: 0px [...]","og_url":"http:\/\/segamed.eu\/WordPress\/editions\/2016-2-2\/","og_site_name":"Serious Games and Simulation Applied to Medecine and Healthcare","article_modified_time":"2018-10-07T06:07:39+00:00","og_image":[{"width":640,"height":343,"url":"http:\/\/segamed.eu\/WordPress\/wp-content\/uploads\/2017\/01\/31431423845_9d823facfb_z.jpg","type":"image\/jpeg"}],"twitter_misc":{"Dur\u00e9e de lecture estim\u00e9e":"3 minutes"},"schema":{"@context":"https:\/\/schema.org","@graph":[{"@type":"WebPage","@id":"http:\/\/segamed.eu\/WordPress\/editions\/2016-2-2\/","url":"http:\/\/segamed.eu\/WordPress\/editions\/2016-2-2\/","name":"2016 - Serious Games and Simulation Applied to Medecine and Healthcare","isPartOf":{"@id":"https:\/\/segamed.eu\/WordPress\/#website"},"primaryImageOfPage":{"@id":"http:\/\/segamed.eu\/WordPress\/editions\/2016-2-2\/#primaryimage"},"image":{"@id":"http:\/\/segamed.eu\/WordPress\/editions\/2016-2-2\/#primaryimage"},"thumbnailUrl":"http:\/\/segamed.eu\/WordPress\/wp-content\/uploads\/2017\/01\/31431423845_9d823facfb_z.jpg","datePublished":"2017-01-15T20:33:15+00:00","dateModified":"2018-10-07T06:07:39+00:00","breadcrumb":{"@id":"http:\/\/segamed.eu\/WordPress\/editions\/2016-2-2\/#breadcrumb"},"inLanguage":"fr-FR","potentialAction":[{"@type":"ReadAction","target":["http:\/\/segamed.eu\/WordPress\/editions\/2016-2-2\/"]}]},{"@type":"ImageObject","inLanguage":"fr-FR","@id":"http:\/\/segamed.eu\/WordPress\/editions\/2016-2-2\/#primaryimage","url":"http:\/\/segamed.eu\/WordPress\/wp-content\/uploads\/2017\/01\/31431423845_9d823facfb_z.jpg","contentUrl":"http:\/\/segamed.eu\/WordPress\/wp-content\/uploads\/2017\/01\/31431423845_9d823facfb_z.jpg","width":640,"height":343},{"@type":"BreadcrumbList","@id":"http:\/\/segamed.eu\/WordPress\/editions\/2016-2-2\/#breadcrumb","itemListElement":[{"@type":"ListItem","position":1,"name":"Accueil","item":"https:\/\/segamed.eu\/WordPress\/"},{"@type":"ListItem","position":2,"name":"Editions","item":"https:\/\/segamed.eu\/WordPress\/editions\/"},{"@type":"ListItem","position":3,"name":"2016"}]},{"@type":"WebSite","@id":"https:\/\/segamed.eu\/WordPress\/#website","url":"https:\/\/segamed.eu\/WordPress\/","name":"Serious Games and Simulation Applied to Medecine and Healthcare","description":"Premier colloque sur la gamification, les jeux s\u00e9rieux et la simulation en sant\u00e9","publisher":{"@id":"https:\/\/segamed.eu\/WordPress\/#organization"},"potentialAction":[{"@type":"SearchAction","target":{"@type":"EntryPoint","urlTemplate":"https:\/\/segamed.eu\/WordPress\/?s={search_term_string}"},"query-input":{"@type":"PropertyValueSpecification","valueRequired":true,"valueName":"search_term_string"}}],"inLanguage":"fr-FR"},{"@type":"Organization","@id":"https:\/\/segamed.eu\/WordPress\/#organization","name":"Serious Games and Simulation Applied to Medecine and Healthcare","url":"https:\/\/segamed.eu\/WordPress\/","logo":{"@type":"ImageObject","inLanguage":"fr-FR","@id":"https:\/\/segamed.eu\/WordPress\/#\/schema\/logo\/image\/","url":"http:\/\/segamed.eu\/WordPress\/wp-content\/uploads\/2015\/01\/cropped-logovert30080-1.jpeg","contentUrl":"http:\/\/segamed.eu\/WordPress\/wp-content\/uploads\/2015\/01\/cropped-logovert30080-1.jpeg","width":300,"height":80,"caption":"Serious Games and Simulation Applied to Medecine and Healthcare"},"image":{"@id":"https:\/\/segamed.eu\/WordPress\/#\/schema\/logo\/image\/"}}]}},"_links":{"self":[{"href":"http:\/\/segamed.eu\/WordPress\/wp-json\/wp\/v2\/pages\/1257","targetHints":{"allow":["GET"]}}],"collection":[{"href":"http:\/\/segamed.eu\/WordPress\/wp-json\/wp\/v2\/pages"}],"about":[{"href":"http:\/\/segamed.eu\/WordPress\/wp-json\/wp\/v2\/types\/page"}],"author":[{"embeddable":true,"href":"http:\/\/segamed.eu\/WordPress\/wp-json\/wp\/v2\/users\/1"}],"replies":[{"embeddable":true,"href":"http:\/\/segamed.eu\/WordPress\/wp-json\/wp\/v2\/comments?post=1257"}],"version-history":[{"count":0,"href":"http:\/\/segamed.eu\/WordPress\/wp-json\/wp\/v2\/pages\/1257\/revisions"}],"up":[{"embeddable":true,"href":"http:\/\/segamed.eu\/WordPress\/wp-json\/wp\/v2\/pages\/11"}],"wp:featuredmedia":[{"embeddable":true,"href":"http:\/\/segamed.eu\/WordPress\/wp-json\/wp\/v2\/media\/1278"}],"wp:attachment":[{"href":"http:\/\/segamed.eu\/WordPress\/wp-json\/wp\/v2\/media?parent=1257"}],"curies":[{"name":"wp","href":"https:\/\/api.w.org\/{rel}","templated":true}]}}